{"id":289,"date":"2023-08-01T09:58:29","date_gmt":"2023-08-01T07:58:29","guid":{"rendered":"https:\/\/claralesa.com\/politica-de-privacitat\/"},"modified":"2023-08-16T08:10:11","modified_gmt":"2023-08-16T06:10:11","slug":"politica-de-privacitat","status":"publish","type":"page","link":"https:\/\/claralesa.com\/ca\/politica-de-privacitat\/","title":{"rendered":"Pol\u00edtica de privacitat"},"content":{"rendered":"\t\t<div data-elementor-type=\"wp-page\" data-elementor-id=\"289\" class=\"elementor elementor-289 elementor-190\" data-elementor-post-type=\"page\">\n\t\t\t\t\t\t<section class=\"elementor-section elementor-top-section elementor-element elementor-element-f956ea7 elementor-section-height-min-height elementor-section-boxed elementor-section-height-default elementor-section-items-middle\" data-id=\"f956ea7\" data-element_type=\"section\" data-settings=\"{&quot;background_background&quot;:&quot;classic&quot;}\">\n\t\t\t\t\t\t<div class=\"elementor-container elementor-column-gap-default\">\n\t\t\t\t\t<div class=\"elementor-column elementor-col-100 elementor-top-column elementor-element elementor-element-872f526\" data-id=\"872f526\" data-element_type=\"column\">\n\t\t\t<div class=\"elementor-widget-wrap elementor-element-populated\">\n\t\t\t\t\t\t<div class=\"elementor-element elementor-element-58cb015 elementor-widget elementor-widget-heading\" data-id=\"58cb015\" data-element_type=\"widget\" data-widget_type=\"heading.default\">\n\t\t\t\t<div class=\"elementor-widget-container\">\n\t\t\t<h1 class=\"elementor-heading-title elementor-size-default\">Pol\u00edtica de privacitat<\/h1>\t\t<\/div>\n\t\t\t\t<\/div>\n\t\t\t\t\t<\/div>\n\t\t<\/div>\n\t\t\t\t\t<\/div>\n\t\t<\/section>\n\t\t\t\t<section class=\"elementor-section elementor-top-section elementor-element elementor-element-e884928 elementor-section-height-min-height elementor-section-items-stretch elementor-section-content-middle elementor-section-boxed elementor-section-height-default\" data-id=\"e884928\" data-element_type=\"section\">\n\t\t\t\t\t\t<div class=\"elementor-container elementor-column-gap-default\">\n\t\t\t\t\t<div class=\"elementor-column elementor-col-100 elementor-top-column elementor-element elementor-element-767e7fa\" data-id=\"767e7fa\" data-element_type=\"column\">\n\t\t\t<div class=\"elementor-widget-wrap elementor-element-populated\">\n\t\t\t\t\t\t<div class=\"elementor-element elementor-element-7de1704 elementor-widget elementor-widget-text-editor\" data-id=\"7de1704\" data-element_type=\"widget\" data-widget_type=\"text-editor.default\">\n\t\t\t\t<div class=\"elementor-widget-container\">\n\t\t\t\t\t\t\t<h2>1. Informaci\u00f3n inicial<\/h2>\n<p>JUDIT ESPARRACH SANS considera que tu informaci\u00f3n personal es muy importante. Por este motivo, la tratamos de una manera confidencial y segura. Nos comprometemos en garantizar la privacidad de los datos personales en todo momento y a no recabar informaci\u00f3n innecesaria.<\/p>\n<p> <span style=\"font-family: var( --e-global-typography-text-font-family ), Sans-serif; font-weight: var( --e-global-typography-text-font-weight );\">Para acceder a nuestra web no debes registrarte previamente. En el caso de que necesites m\u00e1s informaci\u00f3n, puedes contactar con nosotros a trav\u00e9s del formulario que puedes encontrar en nuestra p\u00e1gina web, siempre y cuando estes de acuerdo con nuestra pol\u00edtica de privacidad, la cual deber\u00e1s aceptar para dejar constancia de tu consentimiento expreso aceptando el tratamiento de datos con las finalidades indicadas.<\/span><\/p>\n<p> <span style=\"font-family: var( --e-global-typography-text-font-family ), Sans-serif; font-weight: var( --e-global-typography-text-font-weight );\">De acuerdo con el Reglamento (UE) 2016\/679, de 27 de abril de 2016, relativo a la protecci\u00f3n de las personas f\u00edsicas en lo que respecta al tratamiento de datos personales y a la libre circulaci\u00f3n de estos datos, as\u00ed como con la Ley Org\u00e1nica 3\/2018, de 5 de diciembre, de Protecci\u00f3n de Datos Personales y Garant\u00eda de los Derechos Digitales, le facilitamos la informaci\u00f3n del tratamiento de sus datos a trav\u00e9s de la Presente Pol\u00edtica de Privacidad.<\/span><\/p>\n<h2>2. \u00bfQui\u00e9n trata los datos?<\/h2>\n<p><strong>Identidad: <\/strong>JUDIT ESPARRACH SANS \u2013 en adelante ClaraLesa -.<\/p>\n<p><strong>NIF: <\/strong>40559601K<\/p>\n<p><strong>Domicilio: <\/strong>C\/ Josep Maria Pellicer, 26 bajos &#8211; 08303 Matar\u00f3 (Barcelona)<\/p>\n<p><strong>Correo electr\u00f3nico: <\/strong><a href=\"mailto:info@claralesa.com\">info@claralesa.com<\/a><\/p>\n<h2>3.\u00bfQu\u00e9 datos recopilamos, para qu\u00e9 fines, y durante cu\u00e1nto tiempo?<\/h2>\n<table width=\"623\">\n<thead>\n<tr>\n<td width=\"110\">TRATAMIENTOS DE DATOS<\/td>\n<td width=\"249\">FINALIDAD Y LEGITIMACI\u00d3N<\/td>\n<td width=\"265\">PERIODO DE CONSERVACI\u00d3N<\/td>\n<\/tr>\n<\/thead>\n<tbody>\n<tr>\n<td width=\"110\">Funcionamiento de la Web<\/td>\n<td width=\"249\">Gestionar del buen funcionamiento de la web, as\u00ed como de su explotaci\u00f3n: se tratar\u00e1n datos personales en la medida estrictamente necesaria con la finalidad de proporcionar y garantizar la seguridad de la aplicaci\u00f3n y de la informaci\u00f3n, siendo la base leg\u00edtima el inter\u00e9s leg\u00edtimo perseguido por el responsable, de acuerdo con el art. 6.1.f) del RGPD<\/td>\n<td width=\"265\">Los datos recabados ser\u00e1n conservados durante el tiempo estrictamente necesario para cumplir con la finalidad por la que fueron recabados, y en todo caso para determinar las posibles responsabilidades que pudieran derivarse de esta finalidad, teniendo en cuenta los periodos establecidos en la normativa correspondiente<\/td>\n<\/tr>\n<tr>\n<td width=\"110\">Contacte<\/td>\n<td width=\"249\">Dar respuesta a solicitudes y\/o consultas realizadas por el usuario, siendo la legitimaci\u00f3n del tratamiento el consentimiento expreso de acuerdo con el art. 6.1.a) del RGPD.<\/td>\n<td width=\"265\">Los datos se conservar\u00e1n hasta haber resuelto la solicitud, En todo caso, se podr\u00e1n conservar para determinar las posibles responsabilidades que se pudieran derivar de esta finalidad<\/td>\n<\/tr>\n<tr>\n<td width=\"110\">\n<p>Env\u00edo de comunicaciones informativas de la entidad y Newsletter<\/p>\n<\/td>\n<td width=\"249\">Suscripci\u00f3n a novedades, promociones y ofertas de la entidad, siendo la legitimaci\u00f3n del tratamiento el consentimiento expreso de acuerdo con el art. 6.1.a) del RPGD<\/td>\n<td width=\"265\">Los datos se conservar\u00e1n mientras dure la suscripci\u00f3n a la Newsletter o el interesado ejercicio el derecho de oposici\u00f3n o supresi\u00f3n de los datos. En todo caso, se podr\u00e1n conservar para determinar las posibles responsabilidades que pudieran derivarse de esta finalidad<\/td>\n<\/tr>\n<tr>\n<td width=\"110\">Gesti\u00f3n del correo electr\u00f3nico<\/td>\n<td width=\"249\">Las finalidades del tratamiento de datos son respuesta a consultas recibidas, as\u00ed como la gesti\u00f3n de la relaci\u00f3n comercial y\/o profesional, siendo la base jur\u00eddica relaci\u00f3n contractual entre el Responsable del Tratamiento y el interesado, de acuerdo con el art. 6.1.b) del RGPD<\/td>\n<td width=\"265\">Los datos recabados ser\u00e1n conservados durante el tiempo estrictamente necesario para cumplir con la finalidad por la que fueron recabados, y en todo caso para determinar las posibles responsabilidades que pudieran derivarse de esta finalidad, teniendo en cuenta los per\u00edodos establecidos en la normativa correspondiente<\/td>\n<\/tr>\n<tr>\n<td width=\"110\">Gesti\u00f3n de los CV<\/td>\n<td width=\"249\">\n<p>Los datos ser\u00e1n tratados con la finalidad de atender su solicitud y formar parte del proceso de selecci\u00f3n.<\/p>\n<p>El tratamiento de los datos personales queda legitimado por la aplicaci\u00f3n de medidas precontractuales a su petici\u00f3n en conformidad con el art\u00edculo el art. 6.1.b) del RGPD.<\/p>\n<\/td>\n<td width=\"265\">Los datos no se conservar\u00e1n m\u00e1s tiempo del necesario para los que han sido recabados, salvo que exista una obligaci\u00f3n legal. En este caso, se conservar\u00e1n durante un plazo m\u00e1ximo de un a\u00f1o.<\/td>\n<\/tr>\n<\/tbody>\n<\/table>\n<h2>4. \u00bfA qui\u00e9n se comunicar\u00e1n los datos?<\/h2>\n<p>Excepto a que estemos sujetos a una normativa que por imperativo legal nos obligue a ceder tus datos personales, o bien nos des tu consentimiento expreso, no cederemos tus datos personales a terceros.<\/p>\n<h2>5.Se realizan transferencias internacionales de datos?<\/h2>\n<p>No se realizan Transferencia Internacionales de datos a terceros pa\u00edses fuera de la Uni\u00f3n Europea.<\/p>\n<h2>6.\u00bfQu\u00e9 derechos tienes como usuario y c\u00f3mo puedes ejercerlos?<\/h2>\n<ul>\n<li><strong>Derecho de acceso<\/strong><\/li>\n<\/ul>\n<p>Como usuario, puedes pedirnos que te expliquemos que hacemos con tus datos personales.<\/p>\n<p>Adem\u00e1s, puedes solicitarnos informaci\u00f3n sobre la finalidad del tratamiento de tus datos personales, durante cu\u00e1nto tiempo conservamos tus datos, que derechos tienes como usuario, si tus datos han sido transmitidos a un tercer pa\u00eds o a una organizaci\u00f3n internacional, de la existencia de decisiones automatizadas o de si existe elaboraci\u00f3n de perfiles en la web, entre otros.<\/p>\n<ul>\n<li><strong>Derecho de rectificaci\u00f3n<\/strong><\/li>\n<\/ul>\n<p>Si los datos personales que has puesto a nuestra disposici\u00f3n son inexactos o est\u00e1n incompletos, tienes derecho a rectificarlos o a completarlos. Ponte en contacto con nosotros y rectificaremos los datos que solicites.<\/p>\n<ul>\n<li><strong>Derecho a la limitaci\u00f3n del tratamiento<\/strong><\/li>\n<\/ul>\n<p>Como Usuario puedes solicitar la limitaci\u00f3n del tratamiento de tus datos personales cuando:<\/p>\n<ul>\n<li>Impugnes la exactitud de tus datos personales, durante un plazo que nos permita verificar su exactitud.<\/li>\n<li>Si el tratamiento es il\u00edcito y te opongas a la supresi\u00f3n de tus datos personales y, en lugar de suprimirlos, solicitas que se limite su uso.<\/li>\n<li>Si ya no necesitamos tus datos para las finalidades del tratamiento, pero los necesitas para formular, ejercer o defender reclamaciones.<\/li>\n<\/ul>\n<p><strong> <\/strong><\/p>\n<ul>\n<li><strong>Derecho de supresi\u00f3n<\/strong><\/li>\n<\/ul>\n<p>Puedes solicitar que eliminemos de inmediato tus datos personales. Estamos obligados a eliminar estos datos de manera inmediata, cuando los datos no sean necesarios para los fines recabados. Adem\u00e1s, puedes pedirnos que se suprimamos tus datos, cuando cambies de idea acerca del consentimiento, muestres oposici\u00f3n y no existan motivos justificados para el tratamiento, se traten tus datos de manera incorrecta, se deban suprimir para cumplir con una obligaci\u00f3n legal o que tus datos sean obtenidos en relaci\u00f3n con una oferta legal.<\/p>\n<ul>\n<li><strong>Derecho a la informaci\u00f3n<\/strong><\/li>\n<\/ul>\n<p>Si has ejercido tu derecho de rectificaci\u00f3n, supresi\u00f3n o limitaci\u00f3n, estamos obligados a informar a todos los destinatarios a los que se les hayan comunicado tus datos personales sobre esta rectificaci\u00f3n, supresi\u00f3n o limitaci\u00f3n del tratamiento, a no ser que esto resulte imposible o suponga un esfuerzo desproporcionado.<\/p>\n<p>Como Usuario tienes derecho a que el responsable te informe sobre qui\u00e9nes son estos destinatarios.<\/p>\n<ul>\n<li><strong>Derecho a la portabilidad de datos<\/strong><\/li>\n<\/ul>\n<p>Tienes derecho a recibir los datos personales que nos has facilitado en un formato estructurado, de uso com\u00fan y de lectura mec\u00e1nica. Adem\u00e1s, tienes derecho a transmitir estos datos a otro responsable sin que nosotros podamos impedirlo.<\/p>\n<ul>\n<li><strong>Derecho de oposici\u00f3n<\/strong><\/li>\n<\/ul>\n<p>Como usuario tienes derecho a oponerte en cualquier momento, por razones derivadas de tu situaci\u00f3n particular, a que utilicemos los datos personales puestos a nuestra disposici\u00f3n.<\/p>\n<p>Dejaremos de tratar tus datos personales a menos que tengamos motivos leg\u00edtimos convincentes para usarlos, que prevalezcan sobre tus intereses, derechos y libertades o que el tratamiento est\u00e9 destinado a formular, ejercer o defender reclamaciones.<\/p>\n<ul>\n<li><strong>Derecho a revocar la declaraci\u00f3n de consentimiento relativa a la protecci\u00f3n de datos<\/strong><\/li>\n<\/ul>\n<p>Como Usuario tienes derecho a cambiar tu declaraci\u00f3n de consentimiento relativa a la protecci\u00f3n de datos en cualquier momento. Este cambio de decisi\u00f3n respecto del consentimiento no afectar\u00e1 a la legalidad del tratamiento que tuvo lugar en base al consentimiento prestado antes de su revocaci\u00f3n.<\/p>\n<ul>\n<li><strong>Decisiones individuales automatizadas, incluida la elaboraci\u00f3n de perfiles<\/strong><\/li>\n<\/ul>\n<p>Tienes derecho a no ser objeto de una decisi\u00f3n basada \u00fanicamente en el tratamiento automatizado, incluida la elaboraci\u00f3n de perfiles, que produzca efectos legales en el Usuario o le afecte significativamente de modo similar.<\/p>\n<ul>\n<li><strong>Derecho a presentar una reclamaci\u00f3n ante una autoridad de control<\/strong><\/li>\n<\/ul>\n<p>Como Usuario tienes derecho a presentar una reclamaci\u00f3n ante una autoridad de control, en particular en el Estado miembro de tu residencia, lugar de trabajo o lugar de infracci\u00f3n, si consideras que el tratamiento de los datos personales crea una violaci\u00f3n del RGPD.<\/p>\n<ul>\n<li><strong>\u00bfD\u00f3nde puedes ejercer tus derechos?<\/strong><\/li>\n<\/ul>\n<p>Puedes solicitar el ejercicio de tus derechos en el siguiente correo electr\u00f3nico: <a href=\"mailto:info@claralesa.com\">info@claralesa.com<\/a>.<\/p>\n<h2>7.\u00bfEs obligatorio proporcionar toda la informaci\u00f3n solicitada en los formularios de recogida de datos?<\/h2>\n<p>En cuanto a los formularios del Sitio Web, deber\u00e1s cumplimentar los marcados como \u201crequerido\u201d. No completar los datos personales requeridos o hacerlo parcialmente puede suponer que ClaraLesa no pueda atender sus solicitudes y, en consecuencia, ClaraLesa quedar\u00e1 exonerada de toda responsabilidad por la no prestaci\u00f3n o la prestaci\u00f3n incompleta de los servicios solicitados.<\/p>\n<p>Los datos personales que el Usuario facilita a ClaraLesa tienen que ser actuales para que la informaci\u00f3n de los registros est\u00e9 actualiza y sin errores. El Usuario responder\u00e1 de la veracidad de los datos facilitados.<\/p>\n<h2>8.\u00bfQu\u00e9 medidas de seguridad tenemos implantadas?<\/h2>\n<p>Te informa que cuidamos y utilizamos tus datos personales siguiendo la normativa actual en materia de protecci\u00f3n de datos y de los servicios de la sociedad de la informaci\u00f3n.<\/p>\n<p>Tenemos implantadas las medidas de seguridad de \u00edndole t\u00e9cnica y organizativas necesarias que garanticen la seguridad de los datos de car\u00e1cter personal del Usuario y eviten su alteraci\u00f3n, p\u00e9rdida, tratamiento y\/o acceso no autorizado de acuerdo con el estado de la tecnolog\u00eda, la naturaleza de los datos almacenados y los riesgos a los que est\u00e1n expuestos, ya provengan de la acci\u00f3n humana o del medio f\u00edsico o natural, en conformidad con el que prev\u00e9 la normativa vigente.<\/p>\n\t\t\t\t\t\t<\/div>\n\t\t\t\t<\/div>\n\t\t\t\t\t<\/div>\n\t\t<\/div>\n\t\t\t\t\t<\/div>\n\t\t<\/section>\n\t\t\t\t<\/div>\n\t\t","protected":false},"excerpt":{"rendered":"<p>1. Informaci\u00f3n inicial JUDIT ESPARRACH SANS considera que tu informaci\u00f3n personal es muy importante. Por este motivo, la tratamos de una manera confidencial y segura. Nos comprometemos en garantizar la privacidad de los datos personales en todo momento y a no recabar informaci\u00f3n innecesaria. Para acceder a nuestra web no debes registrarte previamente. En el [&hellip;]<\/p>\n","protected":false},"author":1,"featured_media":0,"parent":0,"menu_order":0,"comment_status":"closed","ping_status":"closed","template":"","meta":{"footnotes":""},"class_list":["post-289","page","type-page","status-publish","hentry"],"yoast_head":"<!-- This site is optimized with the Yoast SEO plugin v23.7 - https:\/\/yoast.com\/wordpress\/plugins\/seo\/ -->\n<title>Pol\u00edtica de privacitat - Clara Lesa<\/title>\n<meta name=\"robots\" content=\"index, follow, max-snippet:-1, max-image-preview:large, max-video-preview:-1\" \/>\n<link rel=\"canonical\" href=\"https:\/\/claralesa.com\/ca\/politica-de-privacitat\/\" \/>\n<meta property=\"og:locale\" content=\"ca_ES\" \/>\n<meta property=\"og:type\" content=\"article\" \/>\n<meta property=\"og:title\" content=\"Pol\u00edtica de privacitat - Clara Lesa\" \/>\n<meta property=\"og:description\" content=\"1. Informaci\u00f3n inicial JUDIT ESPARRACH SANS considera que tu informaci\u00f3n personal es muy importante. Por este motivo, la tratamos de una manera confidencial y segura. Nos comprometemos en garantizar la privacidad de los datos personales en todo momento y a no recabar informaci\u00f3n innecesaria. Para acceder a nuestra web no debes registrarte previamente. En el [&hellip;]\" \/>\n<meta property=\"og:url\" content=\"https:\/\/claralesa.com\/ca\/politica-de-privacitat\/\" \/>\n<meta property=\"og:site_name\" content=\"Clara Lesa\" \/>\n<meta property=\"article:modified_time\" content=\"2023-08-16T06:10:11+00:00\" \/>\n<meta name=\"twitter:card\" content=\"summary_large_image\" \/>\n<meta name=\"twitter:label1\" content=\"Temps estimat de lectura\" \/>\n\t<meta name=\"twitter:data1\" content=\"8 minuts\" \/>\n<script type=\"application\/ld+json\" class=\"yoast-schema-graph\">{\"@context\":\"https:\/\/schema.org\",\"@graph\":[{\"@type\":\"WebPage\",\"@id\":\"https:\/\/claralesa.com\/ca\/politica-de-privacitat\/\",\"url\":\"https:\/\/claralesa.com\/ca\/politica-de-privacitat\/\",\"name\":\"Pol\u00edtica de privacitat - Clara Lesa\",\"isPartOf\":{\"@id\":\"https:\/\/claralesa.com\/ca\/#website\"},\"datePublished\":\"2023-08-01T07:58:29+00:00\",\"dateModified\":\"2023-08-16T06:10:11+00:00\",\"breadcrumb\":{\"@id\":\"https:\/\/claralesa.com\/ca\/politica-de-privacitat\/#breadcrumb\"},\"inLanguage\":\"ca\",\"potentialAction\":[{\"@type\":\"ReadAction\",\"target\":[\"https:\/\/claralesa.com\/ca\/politica-de-privacitat\/\"]}]},{\"@type\":\"BreadcrumbList\",\"@id\":\"https:\/\/claralesa.com\/ca\/politica-de-privacitat\/#breadcrumb\",\"itemListElement\":[{\"@type\":\"ListItem\",\"position\":1,\"name\":\"Portada\",\"item\":\"https:\/\/claralesa.com\/ca\/\"},{\"@type\":\"ListItem\",\"position\":2,\"name\":\"Pol\u00edtica de privacitat\"}]},{\"@type\":\"WebSite\",\"@id\":\"https:\/\/claralesa.com\/ca\/#website\",\"url\":\"https:\/\/claralesa.com\/ca\/\",\"name\":\"Clara Lesa\",\"description\":\"\",\"publisher\":{\"@id\":\"https:\/\/claralesa.com\/ca\/#organization\"},\"potentialAction\":[{\"@type\":\"SearchAction\",\"target\":{\"@type\":\"EntryPoint\",\"urlTemplate\":\"https:\/\/claralesa.com\/ca\/?s={search_term_string}\"},\"query-input\":{\"@type\":\"PropertyValueSpecification\",\"valueRequired\":true,\"valueName\":\"search_term_string\"}}],\"inLanguage\":\"ca\"},{\"@type\":\"Organization\",\"@id\":\"https:\/\/claralesa.com\/ca\/#organization\",\"name\":\"Clara Lesa\",\"url\":\"https:\/\/claralesa.com\/ca\/\",\"logo\":{\"@type\":\"ImageObject\",\"inLanguage\":\"ca\",\"@id\":\"https:\/\/claralesa.com\/ca\/#\/schema\/logo\/image\/\",\"url\":\"https:\/\/claralesa.com\/wp-content\/uploads\/2023\/07\/logo.png\",\"contentUrl\":\"https:\/\/claralesa.com\/wp-content\/uploads\/2023\/07\/logo.png\",\"width\":309,\"height\":200,\"caption\":\"Clara Lesa\"},\"image\":{\"@id\":\"https:\/\/claralesa.com\/ca\/#\/schema\/logo\/image\/\"}}]}<\/script>\n<!-- \/ Yoast SEO plugin. -->","yoast_head_json":{"title":"Pol\u00edtica de privacitat - Clara Lesa","robots":{"index":"index","follow":"follow","max-snippet":"max-snippet:-1","max-image-preview":"max-image-preview:large","max-video-preview":"max-video-preview:-1"},"canonical":"https:\/\/claralesa.com\/ca\/politica-de-privacitat\/","og_locale":"ca_ES","og_type":"article","og_title":"Pol\u00edtica de privacitat - Clara Lesa","og_description":"1. Informaci\u00f3n inicial JUDIT ESPARRACH SANS considera que tu informaci\u00f3n personal es muy importante. Por este motivo, la tratamos de una manera confidencial y segura. Nos comprometemos en garantizar la privacidad de los datos personales en todo momento y a no recabar informaci\u00f3n innecesaria. Para acceder a nuestra web no debes registrarte previamente. En el [&hellip;]","og_url":"https:\/\/claralesa.com\/ca\/politica-de-privacitat\/","og_site_name":"Clara Lesa","article_modified_time":"2023-08-16T06:10:11+00:00","twitter_card":"summary_large_image","twitter_misc":{"Temps estimat de lectura":"8 minuts"},"schema":{"@context":"https:\/\/schema.org","@graph":[{"@type":"WebPage","@id":"https:\/\/claralesa.com\/ca\/politica-de-privacitat\/","url":"https:\/\/claralesa.com\/ca\/politica-de-privacitat\/","name":"Pol\u00edtica de privacitat - Clara Lesa","isPartOf":{"@id":"https:\/\/claralesa.com\/ca\/#website"},"datePublished":"2023-08-01T07:58:29+00:00","dateModified":"2023-08-16T06:10:11+00:00","breadcrumb":{"@id":"https:\/\/claralesa.com\/ca\/politica-de-privacitat\/#breadcrumb"},"inLanguage":"ca","potentialAction":[{"@type":"ReadAction","target":["https:\/\/claralesa.com\/ca\/politica-de-privacitat\/"]}]},{"@type":"BreadcrumbList","@id":"https:\/\/claralesa.com\/ca\/politica-de-privacitat\/#breadcrumb","itemListElement":[{"@type":"ListItem","position":1,"name":"Portada","item":"https:\/\/claralesa.com\/ca\/"},{"@type":"ListItem","position":2,"name":"Pol\u00edtica de privacitat"}]},{"@type":"WebSite","@id":"https:\/\/claralesa.com\/ca\/#website","url":"https:\/\/claralesa.com\/ca\/","name":"Clara Lesa","description":"","publisher":{"@id":"https:\/\/claralesa.com\/ca\/#organization"},"potentialAction":[{"@type":"SearchAction","target":{"@type":"EntryPoint","urlTemplate":"https:\/\/claralesa.com\/ca\/?s={search_term_string}"},"query-input":{"@type":"PropertyValueSpecification","valueRequired":true,"valueName":"search_term_string"}}],"inLanguage":"ca"},{"@type":"Organization","@id":"https:\/\/claralesa.com\/ca\/#organization","name":"Clara Lesa","url":"https:\/\/claralesa.com\/ca\/","logo":{"@type":"ImageObject","inLanguage":"ca","@id":"https:\/\/claralesa.com\/ca\/#\/schema\/logo\/image\/","url":"https:\/\/claralesa.com\/wp-content\/uploads\/2023\/07\/logo.png","contentUrl":"https:\/\/claralesa.com\/wp-content\/uploads\/2023\/07\/logo.png","width":309,"height":200,"caption":"Clara Lesa"},"image":{"@id":"https:\/\/claralesa.com\/ca\/#\/schema\/logo\/image\/"}}]}},"_links":{"self":[{"href":"https:\/\/claralesa.com\/ca\/wp-json\/wp\/v2\/pages\/289"}],"collection":[{"href":"https:\/\/claralesa.com\/ca\/wp-json\/wp\/v2\/pages"}],"about":[{"href":"https:\/\/claralesa.com\/ca\/wp-json\/wp\/v2\/types\/page"}],"author":[{"embeddable":true,"href":"https:\/\/claralesa.com\/ca\/wp-json\/wp\/v2\/users\/1"}],"replies":[{"embeddable":true,"href":"https:\/\/claralesa.com\/ca\/wp-json\/wp\/v2\/comments?post=289"}],"version-history":[{"count":4,"href":"https:\/\/claralesa.com\/ca\/wp-json\/wp\/v2\/pages\/289\/revisions"}],"predecessor-version":[{"id":525,"href":"https:\/\/claralesa.com\/ca\/wp-json\/wp\/v2\/pages\/289\/revisions\/525"}],"wp:attachment":[{"href":"https:\/\/claralesa.com\/ca\/wp-json\/wp\/v2\/media?parent=289"}],"curies":[{"name":"wp","href":"https:\/\/api.w.org\/{rel}","templated":true}]}}